{"id":4652,"date":"2024-06-03T16:08:22","date_gmt":"2024-06-03T14:08:22","guid":{"rendered":"https:\/\/meggle.hr\/?post_type=product&#038;p=4652"},"modified":"2024-06-03T16:13:34","modified_gmt":"2024-06-03T14:13:34","slug":"kiselo-vrhnje-za-svjezi-sir-225-m-m-850-g","status":"publish","type":"product","link":"https:\/\/meggle.hr\/sl\/izdelka\/kiselo-vrhnje-za-svjezi-sir-225-m-m-850-g\/","title":{"rendered":"Kiselo vrhnje za svje\u017ei sir 22,5% m.m., 850 g"},"content":{"rendered":"\n<p>MEGGLE Kisla smetana za sve\u017ei sir z 22,5 % m.m., 850 g in 430 g. Popolna kremasta tekstura in bogat okus naredijo MEGGLE kislo smetano za sve\u017ei sir nepogre\u0161ljivega gurmanskega pomo\u010dnika v kuhinji. Izjemna je kot dodatek k sve\u017eemu siru, pitam, nadevom in kremnim juham ter mnogim drugim jedem. Prav tako bo MEGGLE kisla smetana za sve\u017ei sir naredila vsako solato ali predjed posebno. Oku\u0161ajte vrhunski u\u017eitek edinstvenega recepta! Preve\u010d dobra Kisla smetana za sve\u017ei sir. Za vsa jedi. Za vse prilo\u017enosti. Preprosto predobra. Mmm\u2026kot MEGGLE.<\/p>\n","protected":false},"template":"","product-category":[77],"class_list":["post-4652","product","type-product","status-publish","hentry","product-category-smetane"],"acf":[],"_links":{"self":[{"href":"https:\/\/meggle.hr\/sl\/wp-json\/wp\/v2\/product\/4652","targetHints":{"allow":["GET"]}}],"collection":[{"href":"https:\/\/meggle.hr\/sl\/wp-json\/wp\/v2\/product"}],"about":[{"href":"https:\/\/meggle.hr\/sl\/wp-json\/wp\/v2\/types\/product"}],"wp:attachment":[{"href":"https:\/\/meggle.hr\/sl\/wp-json\/wp\/v2\/media?parent=4652"}],"wp:term":[{"taxonomy":"product-category","embeddable":true,"href":"https:\/\/meggle.hr\/sl\/wp-json\/wp\/v2\/product-category?post=4652"}],"curies":[{"name":"wp","href":"https:\/\/api.w.org\/{rel}","templated":true}]}}