{"id":4633,"date":"2024-06-03T13:31:24","date_gmt":"2024-06-03T11:31:24","guid":{"rendered":"https:\/\/meggle.hr\/?post_type=product&#038;p=4633"},"modified":"2024-06-03T13:31:25","modified_gmt":"2024-06-03T11:31:25","slug":"krauterbutter-trio","status":"publish","type":"product","link":"https:\/\/meggle.hr\/sl\/izdelka\/krauterbutter-trio\/","title":{"rendered":"Kr\u00e4uterbutter Trio"},"content":{"rendered":"\n<p>Za vse ljubitelje aromati\u010dnega in pikantnega, MEGGLE Kr\u00e4uterbutter Trio, prina\u0161a dodatno raznolikost k \u017earu in v kuhinji. Na voljo je v treh okusih &#8211; z zeli\u0161\u010di, rde\u010do papriko in habanero \u010dilijem ter aromati\u010dnim \u010desnom. Maslo z zeli\u0161\u010di je popolna kombinacija kremastega masla in sve\u017eih zeli\u0161\u010d, skrbno izbranih za to edinstveno MEGGLE recepturo, ki jedem nudi neustavljivo sve\u017eino in okus. Za vse, ki i\u0161\u010dejo dodatno &#8220;ogenj&#8221;, je tukaj Diablo &#8211; maslo s \u010dilijem in habanero paprikami, ki vsako jed naredi neustavljivo pikantno in razburljivo! Za ljubitelje klasi\u010dnih okusov, maslo s \u010desnom, ponuja legendarno kombinacijo bogatega masla in \u010desna. Kot za\u010dimba na \u017earu pe\u010deni zelenjavi, v vlogi marinade za \u0161kampe ali idealni spremljevalec mesa na \u017earu, prihajajo v pakiranju 5&#215;20 g in ponujajo raznolikost v majhnih porcijah za vsak okus. Neustavljiv in raznolik, trio MEGGLE aromati\u010dnih masel, prina\u0161a novo dimenzijo vsaki kulinari\u010dni avanturi! Mmm\u2026kot MEGGLE!<\/p>\n","protected":false},"template":"","product-category":[63],"class_list":["post-4633","product","type-product","status-publish","hentry","product-category-masla-s-zelisci"],"acf":[],"_links":{"self":[{"href":"https:\/\/meggle.hr\/sl\/wp-json\/wp\/v2\/product\/4633","targetHints":{"allow":["GET"]}}],"collection":[{"href":"https:\/\/meggle.hr\/sl\/wp-json\/wp\/v2\/product"}],"about":[{"href":"https:\/\/meggle.hr\/sl\/wp-json\/wp\/v2\/types\/product"}],"wp:attachment":[{"href":"https:\/\/meggle.hr\/sl\/wp-json\/wp\/v2\/media?parent=4633"}],"wp:term":[{"taxonomy":"product-category","embeddable":true,"href":"https:\/\/meggle.hr\/sl\/wp-json\/wp\/v2\/product-category?post=4633"}],"curies":[{"name":"wp","href":"https:\/\/api.w.org\/{rel}","templated":true}]}}