{"id":4621,"date":"2024-06-03T13:26:33","date_gmt":"2024-06-03T11:26:33","guid":{"rendered":"https:\/\/meggle.hr\/?post_type=product&#038;p=4621"},"modified":"2025-06-04T14:21:05","modified_gmt":"2025-06-04T12:21:05","slug":"focaccia","status":"publish","type":"product","link":"https:\/\/meggle.hr\/sl\/izdelka\/focaccia\/","title":{"rendered":"Focaccia"},"content":{"rendered":"\n<p>Potopite se v okuse Italije z novo MEGGLE Focaccio, simbolom pristnega italijanskega okusa in prakti\u010dnosti pri pripravi. Ta okusna delikatesa, prelita z najfinej\u0161im olj\u010dnim oljem in posuta s sve\u017eim ro\u017emarinom in morsko soljo, ponuja enostavno pripravo v pe\u010dici, v samo 7 minutah. Popolna kot hitra priloga k solatam in narezkom ali kot dodatek h glavnim jedem. MEGGLE Focaccia prina\u0161a ko\u0161\u010dek Italije naravnost na va\u0161o mizo. Do\u017eivite spoj tradicije in prakti\u010dnosti z na\u0161o predpe\u010deno focaccio &#8211; idealno za vse, ki hrepenijo po pristnih okusih v vsakem gri\u017eljaju. Mmm\u2026kot MEGGLE.<\/p>\n","protected":false},"template":"","product-category":[51],"class_list":["post-4621","product","type-product","status-publish","hentry","product-category-baguette-sl"],"acf":[],"_links":{"self":[{"href":"https:\/\/meggle.hr\/sl\/wp-json\/wp\/v2\/product\/4621","targetHints":{"allow":["GET"]}}],"collection":[{"href":"https:\/\/meggle.hr\/sl\/wp-json\/wp\/v2\/product"}],"about":[{"href":"https:\/\/meggle.hr\/sl\/wp-json\/wp\/v2\/types\/product"}],"wp:attachment":[{"href":"https:\/\/meggle.hr\/sl\/wp-json\/wp\/v2\/media?parent=4621"}],"wp:term":[{"taxonomy":"product-category","embeddable":true,"href":"https:\/\/meggle.hr\/sl\/wp-json\/wp\/v2\/product-category?post=4621"}],"curies":[{"name":"wp","href":"https:\/\/api.w.org\/{rel}","templated":true}]}}