{"id":4422,"date":"2023-10-31T14:13:27","date_gmt":"2023-10-31T13:13:27","guid":{"rendered":"https:\/\/meggle.hr\/?post_type=product&#038;p=4422"},"modified":"2023-11-08T10:54:49","modified_gmt":"2023-11-08T09:54:49","slug":"creme-cuisine-kemaaza-kuhanje-z-rastlinsko-mascobo-1000ml","status":"publish","type":"product","link":"https:\/\/meggle.hr\/sl\/izdelka\/creme-cuisine-kemaaza-kuhanje-z-rastlinsko-mascobo-1000ml\/","title":{"rendered":"Creme Cuisine krema za kuhanje z rastlinsko ma\u0161\u010dobo 1000ml"},"content":{"rendered":"\n<p>Predstavljamo vam na\u0161o izjemno kuhinjsko smetano za kuhanje MEGGLE Creme z rastlinsko ma\u0161\u010dobo. Zelo primeren je za zgo\u0161\u010devanje in dodelavo omak, kremnih juh in drugih jedi. Kremna kuhinja je obstojna v kombinaciji s kislimi sestavinami, kot so kis, vino itd., pa tudi pri toplotni obdelavi. Creme Cuisine je na voljo v pakiranjih po 500 ml in 1 L.<\/p>\n\n\n\n<p><\/p>\n","protected":false},"template":"","product-category":[123],"class_list":["post-4422","product","type-product","status-publish","hentry","product-category-smetane-za-kuhanje-z-rastlinsko-mascobo"],"acf":[],"_links":{"self":[{"href":"https:\/\/meggle.hr\/sl\/wp-json\/wp\/v2\/product\/4422","targetHints":{"allow":["GET"]}}],"collection":[{"href":"https:\/\/meggle.hr\/sl\/wp-json\/wp\/v2\/product"}],"about":[{"href":"https:\/\/meggle.hr\/sl\/wp-json\/wp\/v2\/types\/product"}],"wp:attachment":[{"href":"https:\/\/meggle.hr\/sl\/wp-json\/wp\/v2\/media?parent=4422"}],"wp:term":[{"taxonomy":"product-category","embeddable":true,"href":"https:\/\/meggle.hr\/sl\/wp-json\/wp\/v2\/product-category?post=4422"}],"curies":[{"name":"wp","href":"https:\/\/api.w.org\/{rel}","templated":true}]}}