{"id":4166,"date":"2023-07-17T11:02:06","date_gmt":"2023-07-17T09:02:06","guid":{"rendered":"https:\/\/meggle.hr\/?post_type=product&#038;p=4166"},"modified":"2023-07-17T12:45:01","modified_gmt":"2023-07-17T10:45:01","slug":"emmental-sir-v-listicih","status":"publish","type":"product","link":"https:\/\/meggle.hr\/sl\/izdelka\/emmental-sir-v-listicih\/","title":{"rendered":"Emmental sir v listi\u010dih"},"content":{"rendered":"\n<p>Ne glede na to, ali ste izku\u0161en kuhar ali za\u010detnik v kuhinji, bo ta vsestranski in okusen sir ponesel va\u0161e kulinari\u010dne stvaritve na novo raven. Tukaj je nekaj mamljivih idej za u\u017eivanje MEGGLE emmental sira, ki bodo spodbudile va\u0161o kulinari\u010dno domi\u0161ljijo: Neustavljivi sendvi\u010di: nadgradite svojo rutino zajtrka ali kosila tako, da med svoj najljub\u0161i kruh vstavite MEGGLE emmental sirne kosmi\u010de. Bogat in kremast okus v kombinaciji s klasi\u010dno ementalsko teksturo brez ko\u0161\u010dic bo va\u0161 obi\u010dajni sendvi\u010d spremenil v gurmanski u\u017eitek. <\/p>\n\n\n\n<p>Gurmanski burgerji: izbolj\u0161ajte igro hamburgerjev z dodajanjem emmentalskih kosmi\u010dev. Edinstven  re\u0161\u010dkov okus in tekstura, ki se topi v ustih, bosta va\u0161im so\u010dnim govejim ali zelenjavnim burgerjem dodala razko\u0161en pridih, tako da bo vsak gri\u017eljaj resni\u010dno izjemno do\u017eivetje.<\/p>\n","protected":false},"template":"","product-category":[120],"class_list":["post-4166","product","type-product","status-publish","hentry","product-category-emmental-sir-sl"],"acf":[],"_links":{"self":[{"href":"https:\/\/meggle.hr\/sl\/wp-json\/wp\/v2\/product\/4166","targetHints":{"allow":["GET"]}}],"collection":[{"href":"https:\/\/meggle.hr\/sl\/wp-json\/wp\/v2\/product"}],"about":[{"href":"https:\/\/meggle.hr\/sl\/wp-json\/wp\/v2\/types\/product"}],"wp:attachment":[{"href":"https:\/\/meggle.hr\/sl\/wp-json\/wp\/v2\/media?parent=4166"}],"wp:term":[{"taxonomy":"product-category","embeddable":true,"href":"https:\/\/meggle.hr\/sl\/wp-json\/wp\/v2\/product-category?post=4166"}],"curies":[{"name":"wp","href":"https:\/\/api.w.org\/{rel}","templated":true}]}}