{"id":3692,"date":"2022-11-25T13:40:07","date_gmt":"2022-11-25T12:40:07","guid":{"rendered":"https:\/\/meggle.hr\/?post_type=product&#038;p=3692"},"modified":"2022-11-25T13:40:07","modified_gmt":"2022-11-25T12:40:07","slug":"smetana-za-kuhanje-brez-laktoze","status":"publish","type":"product","link":"https:\/\/meggle.hr\/sl\/izdelka\/smetana-za-kuhanje-brez-laktoze\/","title":{"rendered":"Smetana za kuhanje brez laktoze"},"content":{"rendered":"\n<p>smetana za kuhanje brez laktoze MEGGLE je idealna alternativa za vse, ki ne prena\u0161ajo laktoze.<br>Odli\u010dno se poda k slanim jedem, kot so enolon\u010dnice in omake za testenine, odli\u010dna je tudi v kremah za torte.<\/p>\n","protected":false},"template":"","product-category":[115,81],"class_list":["post-3692","product","type-product","status-publish","hentry","product-category-meggle-lactofree-sl","product-category-smetane-za-kuhanje"],"acf":[],"_links":{"self":[{"href":"https:\/\/meggle.hr\/sl\/wp-json\/wp\/v2\/product\/3692","targetHints":{"allow":["GET"]}}],"collection":[{"href":"https:\/\/meggle.hr\/sl\/wp-json\/wp\/v2\/product"}],"about":[{"href":"https:\/\/meggle.hr\/sl\/wp-json\/wp\/v2\/types\/product"}],"wp:attachment":[{"href":"https:\/\/meggle.hr\/sl\/wp-json\/wp\/v2\/media?parent=3692"}],"wp:term":[{"taxonomy":"product-category","embeddable":true,"href":"https:\/\/meggle.hr\/sl\/wp-json\/wp\/v2\/product-category?post=3692"}],"curies":[{"name":"wp","href":"https:\/\/api.w.org\/{rel}","templated":true}]}}