{"id":3630,"date":"2022-10-19T11:41:59","date_gmt":"2022-10-19T09:41:59","guid":{"rendered":"https:\/\/meggle.hr\/product\/mediteranski-kruh\/"},"modified":"2022-10-19T11:43:33","modified_gmt":"2022-10-19T09:43:33","slug":"mediteranski-kruh","status":"publish","type":"product","link":"https:\/\/meggle.hr\/sl\/izdelka\/mediteranski-kruh\/","title":{"rendered":"Mediteranski kruh"},"content":{"rendered":"\n<p>MEGGLE Mediteranski kruh je di\u0161e\u010d kruh pe\u010den na kamnu, ima hrustljavo skorjico, hkrati pa je v notranjosti rahel in mehak. Namaz iz mediteranskih zeli\u0161\u010d, fino usklajen z avtohtonim olj\u010dnim oljem, poskrbi, da je MEGGLE mediteranski kruh priljubljen izdelek ljubiteljev sredozemske kuhinje!<\/p>\n\n\n\n<p>Na\u0161 mediteranski kruh je 100% veganski in ima certifikat V-label!<\/p>\n","protected":false},"template":"","product-category":[112,51],"class_list":["post-3630","product","type-product","status-publish","hentry","product-category-meggle-vegan-sl","product-category-baguette-sl"],"acf":[],"_links":{"self":[{"href":"https:\/\/meggle.hr\/sl\/wp-json\/wp\/v2\/product\/3630","targetHints":{"allow":["GET"]}}],"collection":[{"href":"https:\/\/meggle.hr\/sl\/wp-json\/wp\/v2\/product"}],"about":[{"href":"https:\/\/meggle.hr\/sl\/wp-json\/wp\/v2\/types\/product"}],"wp:attachment":[{"href":"https:\/\/meggle.hr\/sl\/wp-json\/wp\/v2\/media?parent=3630"}],"wp:term":[{"taxonomy":"product-category","embeddable":true,"href":"https:\/\/meggle.hr\/sl\/wp-json\/wp\/v2\/product-category?post=3630"}],"curies":[{"name":"wp","href":"https:\/\/api.w.org\/{rel}","templated":true}]}}