{"id":3620,"date":"2022-10-19T11:38:18","date_gmt":"2022-10-19T09:38:18","guid":{"rendered":"https:\/\/meggle.hr\/product\/kruh-s-cesnjakom\/"},"modified":"2022-10-19T11:39:52","modified_gmt":"2022-10-19T09:39:52","slug":"kruh-s-cesnjakom","status":"publish","type":"product","link":"https:\/\/meggle.hr\/sl\/izdelka\/kruh-s-cesnjakom\/","title":{"rendered":"\u010cesnov kruh"},"content":{"rendered":"\n<p>\u010cesnov kruh MEGGLE je edinstvena hrustljava poslastica s polnim, pikantnim okusom: dve polovici kruha sta namazani s kakovostnim \u010desnovim namazom. Naravne sestavine, kot sta aromati\u010dni \u010desen in fino olje, zagotavljajo intenzivno pikantno noto \u2013 zagotovljeno brez oja\u010devalcev okusa. Ne glede na to, ali ga pe\u010demo deset minut v pe\u010dici do zlato rjave barve ali pripravljamo na \u017earu: \u010desnov kruh MEGGLE je odli\u010den kot priloga k razli\u010dnim jedem ali kot izdatna osnova za okusne prigrizke, ki jih lahko sami pripravite.<\/p>\n\n\n\n<p>Na\u0161 \u010desnov kruh je 100% veganski in ima certifikat V-label!<\/p>\n","protected":false},"template":"","product-category":[112,51],"class_list":["post-3620","product","type-product","status-publish","hentry","product-category-meggle-vegan-sl","product-category-baguette-sl"],"acf":[],"_links":{"self":[{"href":"https:\/\/meggle.hr\/sl\/wp-json\/wp\/v2\/product\/3620","targetHints":{"allow":["GET"]}}],"collection":[{"href":"https:\/\/meggle.hr\/sl\/wp-json\/wp\/v2\/product"}],"about":[{"href":"https:\/\/meggle.hr\/sl\/wp-json\/wp\/v2\/types\/product"}],"wp:attachment":[{"href":"https:\/\/meggle.hr\/sl\/wp-json\/wp\/v2\/media?parent=3620"}],"wp:term":[{"taxonomy":"product-category","embeddable":true,"href":"https:\/\/meggle.hr\/sl\/wp-json\/wp\/v2\/product-category?post=3620"}],"curies":[{"name":"wp","href":"https:\/\/api.w.org\/{rel}","templated":true}]}}