{"id":3601,"date":"2022-10-19T11:22:08","date_gmt":"2022-10-19T09:22:08","guid":{"rendered":"https:\/\/meggle.hr\/product\/alpinesse-vegan\/"},"modified":"2022-10-19T11:27:03","modified_gmt":"2022-10-19T09:27:03","slug":"alpinesse-vegan","status":"publish","type":"product","link":"https:\/\/meggle.hr\/sl\/izdelka\/alpinesse-vegan\/","title":{"rendered":"Alpinesse Vegan"},"content":{"rendered":"\n<p>Inovativen recept, enake edinstvene lastnosti &#8211; odli\u010dno se nama\u017ee na kruh takoj, ko ga vzamete iz hladilnika!<\/p>\n\n\n\n<p>Alpinesse Vegan je edinstvena kombinacija kokosovega olja, karitejevega masla in olja oljne repice \u2013 ki ohranja znane lastnosti originalne verzije Alpinessa v rastlinski interpretaciji. Nova receptura je ohranila popolno Alpinesse teksturo, okus pa ostaja izrazit in bogat.<\/p>\n\n\n\n<p>Za vegane, vegetarijance, tiste, ki se odlo\u010date za presno hrano ali tiste, ki si \u017eelite novih izku\u0161enj, je Alpinesse Vegan idealna izbira. Izjemno ekstra mazljiv in ekstra okusen se odli\u010dno poda k dinami\u010dnemu, modernemu in zdravemu \u017eivljenjskemu slogu. Idealen je za hitre in okusne sendvi\u010de ter prigrizke, ki se jim ne morete upreti, pripravljeni v hipu.<\/p>\n\n\n\n<p>Hraniti v hladilniku pri temperaturi do max. 8 stopinj Celzija.<\/p>\n","protected":false},"template":"","product-category":[112,61,75,10],"class_list":["post-3601","product","type-product","status-publish","hentry","product-category-meggle-vegan-sl","product-category-alpinesse-masla","product-category-namazi-sl","product-category-alpinesse-maslaci"],"acf":[],"_links":{"self":[{"href":"https:\/\/meggle.hr\/sl\/wp-json\/wp\/v2\/product\/3601","targetHints":{"allow":["GET"]}}],"collection":[{"href":"https:\/\/meggle.hr\/sl\/wp-json\/wp\/v2\/product"}],"about":[{"href":"https:\/\/meggle.hr\/sl\/wp-json\/wp\/v2\/types\/product"}],"wp:attachment":[{"href":"https:\/\/meggle.hr\/sl\/wp-json\/wp\/v2\/media?parent=3601"}],"wp:term":[{"taxonomy":"product-category","embeddable":true,"href":"https:\/\/meggle.hr\/sl\/wp-json\/wp\/v2\/product-category?post=3601"}],"curies":[{"name":"wp","href":"https:\/\/api.w.org\/{rel}","templated":true}]}}