{"id":3413,"date":"2022-05-09T12:13:29","date_gmt":"2022-05-09T10:13:29","guid":{"rendered":"https:\/\/meggle.hr\/?post_type=product&#038;p=3413"},"modified":"2022-05-09T12:13:30","modified_gmt":"2022-05-09T10:13:30","slug":"iced-coffee-caffe-latte","status":"publish","type":"product","link":"https:\/\/meggle.hr\/sl\/izdelka\/iced-coffee-caffe-latte\/","title":{"rendered":"Iced coffee Caffe Latte"},"content":{"rendered":"\n<p>MEGGLE Iced Coffee Caffe Latte je odli\u010dna kombinacija okusnega mleka z kremastim okusom espressa, ki vam bo skupaj prinesla nepopisen u\u017eitek. Ta vrhunska me\u0161anica bo v veliko pomo\u010d, ko se zjutraj zbudite ali po kosilu, ko ste razburjeni. Tudi MEGGLE Iced Caffe latte je zelo prakti\u010den za pospe\u0161en \u017eivljenjski<br>slog zaradi na\u0161e embala\u017ee, ki olaj\u0161a vsakdanje \u017eivljenje kot kdaj koli prej. Lahko je z vami na vsakem koraku. #Tick Tock, \u010das je za kavo. # Tvoj dan, tvoja pravila.<\/p>\n","protected":false},"template":"","product-category":[109,108],"class_list":["post-3413","product","type-product","status-publish","hentry","product-category-napitci-sl","product-category-pijace"],"acf":[],"_links":{"self":[{"href":"https:\/\/meggle.hr\/sl\/wp-json\/wp\/v2\/product\/3413","targetHints":{"allow":["GET"]}}],"collection":[{"href":"https:\/\/meggle.hr\/sl\/wp-json\/wp\/v2\/product"}],"about":[{"href":"https:\/\/meggle.hr\/sl\/wp-json\/wp\/v2\/types\/product"}],"wp:attachment":[{"href":"https:\/\/meggle.hr\/sl\/wp-json\/wp\/v2\/media?parent=3413"}],"wp:term":[{"taxonomy":"product-category","embeddable":true,"href":"https:\/\/meggle.hr\/sl\/wp-json\/wp\/v2\/product-category?post=3413"}],"curies":[{"name":"wp","href":"https:\/\/api.w.org\/{rel}","templated":true}]}}