{"id":3412,"date":"2022-05-09T12:12:50","date_gmt":"2022-05-09T10:12:50","guid":{"rendered":"https:\/\/meggle.hr\/?post_type=product&#038;p=3412"},"modified":"2022-05-09T12:13:42","modified_gmt":"2022-05-09T10:13:42","slug":"iced-coffee-espresso-macchiato","status":"publish","type":"product","link":"https:\/\/meggle.hr\/sl\/izdelka\/iced-coffee-espresso-macchiato\/","title":{"rendered":"Iced coffee Espresso Macchiato"},"content":{"rendered":"\n<p>MEGGLE Iced Coffee Espresso Macchiato je prava izbira v vro\u010dih poletnih jutrih. Prinesla vam bo nepopisen, osve\u017eujo\u010d in po\u017eivljajo\u010d u\u017eitek, takoj zjutraj po zajtrku, na poti v slu\u017ebo, med vo\u017enjo otroka v vrtec ali pa jo potrebujete samo kot okrep\u010dilo!<\/p>\n\n\n\n<p>Vse va\u0161e obveznosti pred vami, z ledeno kavo MEGGLE Iced Coffee Espresso Macchiato, se bodo zdele kot &#8220;ma\u010dji ka\u0161elj&#8221;.<\/p>\n","protected":false},"template":"","product-category":[109,108],"class_list":["post-3412","product","type-product","status-publish","hentry","product-category-napitci-sl","product-category-pijace"],"acf":[],"_links":{"self":[{"href":"https:\/\/meggle.hr\/sl\/wp-json\/wp\/v2\/product\/3412","targetHints":{"allow":["GET"]}}],"collection":[{"href":"https:\/\/meggle.hr\/sl\/wp-json\/wp\/v2\/product"}],"about":[{"href":"https:\/\/meggle.hr\/sl\/wp-json\/wp\/v2\/types\/product"}],"wp:attachment":[{"href":"https:\/\/meggle.hr\/sl\/wp-json\/wp\/v2\/media?parent=3412"}],"wp:term":[{"taxonomy":"product-category","embeddable":true,"href":"https:\/\/meggle.hr\/sl\/wp-json\/wp\/v2\/product-category?post=3412"}],"curies":[{"name":"wp","href":"https:\/\/api.w.org\/{rel}","templated":true}]}}