{"id":3409,"date":"2021-08-09T12:19:57","date_gmt":"2021-08-09T12:19:57","guid":{"rendered":"https:\/\/meggle.hr\/?post_type=product&#038;p=3409"},"modified":"2022-05-09T12:11:28","modified_gmt":"2022-05-09T10:11:28","slug":"iced-coffee-cappuccino","status":"publish","type":"product","link":"https:\/\/meggle.hr\/sl\/izdelka\/iced-coffee-cappuccino\/","title":{"rendered":"Iced coffee Cappuccino"},"content":{"rendered":"\n<p>Za tiste, ki imate radi bla\u017eji okus kave, smo pripravili na\u0161o osve\u017eilno ledeno kavo<br>MEGGLE Iced Coffee Cappuccino. Z blagim in slastnim okusom lahko brez te\u017eav<br>u\u017eivate v jutranjem prebujanju. Tako kot druga dva okusa MEGGLE Iced Coffe<br>Cappuccino ima ni\u017ejo vsebnost sladkorja, tako da lahko u\u017eivate v svoji kavi brez<br>ob\u017ealovanja. #Tick Tock, \u010das je za kavo. #Tvoj dan, tvoja pravila.<\/p>\n","protected":false},"template":"","product-category":[109,108],"class_list":["post-3409","product","type-product","status-publish","hentry","product-category-napitci-sl","product-category-pijace"],"acf":[],"_links":{"self":[{"href":"https:\/\/meggle.hr\/sl\/wp-json\/wp\/v2\/product\/3409","targetHints":{"allow":["GET"]}}],"collection":[{"href":"https:\/\/meggle.hr\/sl\/wp-json\/wp\/v2\/product"}],"about":[{"href":"https:\/\/meggle.hr\/sl\/wp-json\/wp\/v2\/types\/product"}],"wp:attachment":[{"href":"https:\/\/meggle.hr\/sl\/wp-json\/wp\/v2\/media?parent=3409"}],"wp:term":[{"taxonomy":"product-category","embeddable":true,"href":"https:\/\/meggle.hr\/sl\/wp-json\/wp\/v2\/product-category?post=3409"}],"curies":[{"name":"wp","href":"https:\/\/api.w.org\/{rel}","templated":true}]}}