{"id":3374,"date":"2022-05-24T10:28:22","date_gmt":"2022-05-24T08:28:22","guid":{"rendered":"https:\/\/meggle.hr\/?post_type=product&#038;p=3374"},"modified":"2022-06-06T11:08:59","modified_gmt":"2022-06-06T09:08:59","slug":"zrnati-sir-natur-180g","status":"publish","type":"product","link":"https:\/\/meggle.hr\/sl\/izdelka\/zrnati-sir-natur-180g\/","title":{"rendered":"Zrnati sir natur 180g"},"content":{"rendered":"\n<p>MEGGLE zrnati sir natur je odli\u010dna izbira za vse, ki u\u017eivate v blagem okusu in zna\u010dilni teksturi zrnatega sira. Je odli\u010den vir beljakovin, priporo\u010damo pa ga vsem ljubiteljem zdrave in uravnote\u017eene prehrane. Poi\u0161\u010dite izdelek v 180 gramskem pakiranju.<\/p>\n","protected":false},"template":"","product-category":[],"class_list":["post-3374","product","type-product","status-publish","hentry"],"acf":[],"_links":{"self":[{"href":"https:\/\/meggle.hr\/sl\/wp-json\/wp\/v2\/product\/3374","targetHints":{"allow":["GET"]}}],"collection":[{"href":"https:\/\/meggle.hr\/sl\/wp-json\/wp\/v2\/product"}],"about":[{"href":"https:\/\/meggle.hr\/sl\/wp-json\/wp\/v2\/types\/product"}],"wp:attachment":[{"href":"https:\/\/meggle.hr\/sl\/wp-json\/wp\/v2\/media?parent=3374"}],"wp:term":[{"taxonomy":"product-category","embeddable":true,"href":"https:\/\/meggle.hr\/sl\/wp-json\/wp\/v2\/product-category?post=3374"}],"curies":[{"name":"wp","href":"https:\/\/api.w.org\/{rel}","templated":true}]}}