{"id":3089,"date":"2021-10-21T12:31:18","date_gmt":"2021-10-21T12:31:18","guid":{"rendered":"https:\/\/www.meggle.hr\/?post_type=product&#038;p=3089"},"modified":"2021-10-21T12:45:01","modified_gmt":"2021-10-21T12:45:01","slug":"baguette-herb","status":"publish","type":"product","link":"https:\/\/meggle.hr\/sl\/izdelka\/baguette-herb\/","title":{"rendered":"Baguette Herb"},"content":{"rendered":"\n<p>Baguette, predpe\u010deni kruh punjen s 20% maslaca s za\u010dinskim biljem i \u010de\u0161njakom (pripravak maslaca)<\/p>\n","protected":false},"template":"","product-category":[51],"class_list":["post-3089","product","type-product","status-publish","hentry","product-category-baguette-sl"],"acf":[],"_links":{"self":[{"href":"https:\/\/meggle.hr\/sl\/wp-json\/wp\/v2\/product\/3089","targetHints":{"allow":["GET"]}}],"collection":[{"href":"https:\/\/meggle.hr\/sl\/wp-json\/wp\/v2\/product"}],"about":[{"href":"https:\/\/meggle.hr\/sl\/wp-json\/wp\/v2\/types\/product"}],"wp:attachment":[{"href":"https:\/\/meggle.hr\/sl\/wp-json\/wp\/v2\/media?parent=3089"}],"wp:term":[{"taxonomy":"product-category","embeddable":true,"href":"https:\/\/meggle.hr\/sl\/wp-json\/wp\/v2\/product-category?post=3089"}],"curies":[{"name":"wp","href":"https:\/\/api.w.org\/{rel}","templated":true}]}}