{"id":3088,"date":"2021-10-21T12:30:04","date_gmt":"2021-10-21T12:30:04","guid":{"rendered":"https:\/\/www.meggle.hr\/?post_type=product&#038;p=3088"},"modified":"2021-10-21T12:46:25","modified_gmt":"2021-10-21T12:46:25","slug":"baguette-garlic","status":"publish","type":"product","link":"https:\/\/meggle.hr\/sl\/izdelka\/baguette-garlic\/","title":{"rendered":"Baguette Garlic"},"content":{"rendered":"\n<p>Baguette, predpe\u010deni kruh punjen s 20% maslaca s \u010de\u0161njakom (pripravak maslaca)<\/p>\n","protected":false},"template":"","product-category":[51],"class_list":["post-3088","product","type-product","status-publish","hentry","product-category-baguette-sl"],"acf":[],"_links":{"self":[{"href":"https:\/\/meggle.hr\/sl\/wp-json\/wp\/v2\/product\/3088","targetHints":{"allow":["GET"]}}],"collection":[{"href":"https:\/\/meggle.hr\/sl\/wp-json\/wp\/v2\/product"}],"about":[{"href":"https:\/\/meggle.hr\/sl\/wp-json\/wp\/v2\/types\/product"}],"wp:attachment":[{"href":"https:\/\/meggle.hr\/sl\/wp-json\/wp\/v2\/media?parent=3088"}],"wp:term":[{"taxonomy":"product-category","embeddable":true,"href":"https:\/\/meggle.hr\/sl\/wp-json\/wp\/v2\/product-category?post=3088"}],"curies":[{"name":"wp","href":"https:\/\/api.w.org\/{rel}","templated":true}]}}