{"id":1594,"date":"2021-05-14T15:34:27","date_gmt":"2021-05-14T15:34:27","guid":{"rendered":"https:\/\/meggle.kord.red\/product\/lacto-free-mlijeko\/"},"modified":"2022-11-25T13:43:56","modified_gmt":"2022-11-25T12:43:56","slug":"lacto-free-mleko","status":"publish","type":"product","link":"https:\/\/meggle.hr\/sl\/izdelka\/lacto-free-mleko\/","title":{"rendered":"Lacto free mleko"},"content":{"rendered":"\n<p>Zavedamo se, da pribli\u017eno 65 % svetovnega prebivalstva do neke mere ne prebavlja laktoze. Da pa se ne bi odrekli drugim hranljivim sestavinam, ki jih dobite iz mleka, je MEGGLE pripravil trajno mleko z minimalno vsebnostjo laktoze \u2013 LACTO FREE mleko. Izdelujemo ga s postopkom, ki laktozo mle\u010dnega sladkorja razgradi na la\u017eje prebavljive enostavnej\u0161e sladkorje. Lacto Free mleko vsebuje le 0,01 % laktoze, najdete pa ga lahko v pakiranju po 1l.<\/p>\n","protected":false},"template":"","product-category":[115],"class_list":["post-1594","product","type-product","status-publish","hentry","product-category-meggle-lactofree-sl"],"acf":[],"_links":{"self":[{"href":"https:\/\/meggle.hr\/sl\/wp-json\/wp\/v2\/product\/1594","targetHints":{"allow":["GET"]}}],"collection":[{"href":"https:\/\/meggle.hr\/sl\/wp-json\/wp\/v2\/product"}],"about":[{"href":"https:\/\/meggle.hr\/sl\/wp-json\/wp\/v2\/types\/product"}],"wp:attachment":[{"href":"https:\/\/meggle.hr\/sl\/wp-json\/wp\/v2\/media?parent=1594"}],"wp:term":[{"taxonomy":"product-category","embeddable":true,"href":"https:\/\/meggle.hr\/sl\/wp-json\/wp\/v2\/product-category?post=1594"}],"curies":[{"name":"wp","href":"https:\/\/api.w.org\/{rel}","templated":true}]}}