{"id":1582,"date":"2021-05-16T15:50:39","date_gmt":"2021-05-16T15:50:39","guid":{"rendered":"https:\/\/meggle.kord.red\/product\/maslac-sa-zacinskim-biljem\/"},"modified":"2023-09-14T10:43:48","modified_gmt":"2023-09-14T08:43:48","slug":"maslo-z-zelisci","status":"publish","type":"product","link":"https:\/\/meggle.hr\/sl\/izdelka\/maslo-z-zelisci\/","title":{"rendered":"Maslo z zeli\u0161\u0107i"},"content":{"rendered":"\n<p>MEGGLE maslo z zeli\u0161\u010di je \u0161e en edinstven izdelek iz dru\u017eine mle\u010dnih izdelkov MEGGLE. Je idealen dodatek pri pripravi mesa, krompirja, zelenjave, testenin in drugih specialitet. Popolnoma dopolnjuje okus \u017eara in obogati tako pe\u010dene, kot kuhane jedi. Poi\u0161\u010dite ga v 125 g pakiranju.<\/p>\n","protected":false},"template":"","product-category":[63],"class_list":["post-1582","product","type-product","status-publish","hentry","product-category-masla-s-zelisci"],"acf":[],"_links":{"self":[{"href":"https:\/\/meggle.hr\/sl\/wp-json\/wp\/v2\/product\/1582","targetHints":{"allow":["GET"]}}],"collection":[{"href":"https:\/\/meggle.hr\/sl\/wp-json\/wp\/v2\/product"}],"about":[{"href":"https:\/\/meggle.hr\/sl\/wp-json\/wp\/v2\/types\/product"}],"wp:attachment":[{"href":"https:\/\/meggle.hr\/sl\/wp-json\/wp\/v2\/media?parent=1582"}],"wp:term":[{"taxonomy":"product-category","embeddable":true,"href":"https:\/\/meggle.hr\/sl\/wp-json\/wp\/v2\/product-category?post=1582"}],"curies":[{"name":"wp","href":"https:\/\/api.w.org\/{rel}","templated":true}]}}