{"id":1581,"date":"2021-05-16T15:50:39","date_gmt":"2021-05-16T15:50:39","guid":{"rendered":"https:\/\/meggle.kord.red\/product\/alpinesse-slani\/"},"modified":"2021-05-26T15:43:09","modified_gmt":"2021-05-26T15:43:09","slug":"alpinesse-slan","status":"publish","type":"product","link":"https:\/\/meggle.hr\/sl\/izdelka\/alpinesse-slan\/","title":{"rendered":"Alpinesse slan"},"content":{"rendered":"\n<p>MEGGLE Alpinesse slano maslo prepoznamo po nekoliko bolj slanem okusu, zaradi \u010desar je idealen namaz za sendvi\u010de ali pripravo pe\u010denih polovic krompirja. Za vas smo ga pripravili v 250 g pakiranju.<\/p>\n","protected":false},"template":"","product-category":[61],"class_list":["post-1581","product","type-product","status-publish","hentry","product-category-alpinesse-masla"],"acf":[],"_links":{"self":[{"href":"https:\/\/meggle.hr\/sl\/wp-json\/wp\/v2\/product\/1581","targetHints":{"allow":["GET"]}}],"collection":[{"href":"https:\/\/meggle.hr\/sl\/wp-json\/wp\/v2\/product"}],"about":[{"href":"https:\/\/meggle.hr\/sl\/wp-json\/wp\/v2\/types\/product"}],"wp:attachment":[{"href":"https:\/\/meggle.hr\/sl\/wp-json\/wp\/v2\/media?parent=1581"}],"wp:term":[{"taxonomy":"product-category","embeddable":true,"href":"https:\/\/meggle.hr\/sl\/wp-json\/wp\/v2\/product-category?post=1581"}],"curies":[{"name":"wp","href":"https:\/\/api.w.org\/{rel}","templated":true}]}}