{"id":1571,"date":"2021-05-22T13:57:36","date_gmt":"2021-05-22T13:57:36","guid":{"rendered":"https:\/\/meggle.kord.red\/product\/milky-max\/"},"modified":"2025-09-19T15:54:41","modified_gmt":"2025-09-19T13:54:41","slug":"milky-max","status":"publish","type":"product","link":"https:\/\/meggle.hr\/sl\/izdelka\/milky-max\/","title":{"rendered":"Milky Max 200 ml"},"content":{"rendered":"\n<p>Milky Max za djecu opskrbit \u0107e ih potrebnim vitaminima i kalcijem, a mali\u0161ani \u0107e istodobno u\u017eivati u odli\u010dnom okusu ovog posebnog \u010dokonapitka!<\/p>\n\n\n\n<p>Milky Max dolazi u pakiranju od 200 ml.<\/p>\n","protected":false},"template":"","product-category":[109],"class_list":["post-1571","product","type-product","status-publish","hentry","product-category-napitci-sl"],"acf":[],"_links":{"self":[{"href":"https:\/\/meggle.hr\/sl\/wp-json\/wp\/v2\/product\/1571","targetHints":{"allow":["GET"]}}],"collection":[{"href":"https:\/\/meggle.hr\/sl\/wp-json\/wp\/v2\/product"}],"about":[{"href":"https:\/\/meggle.hr\/sl\/wp-json\/wp\/v2\/types\/product"}],"wp:attachment":[{"href":"https:\/\/meggle.hr\/sl\/wp-json\/wp\/v2\/media?parent=1571"}],"wp:term":[{"taxonomy":"product-category","embeddable":true,"href":"https:\/\/meggle.hr\/sl\/wp-json\/wp\/v2\/product-category?post=1571"}],"curies":[{"name":"wp","href":"https:\/\/api.w.org\/{rel}","templated":true}]}}