{"id":1567,"date":"2021-05-22T14:11:11","date_gmt":"2021-05-22T14:11:11","guid":{"rendered":"https:\/\/meggle.kord.red\/product\/vrhnje-za-kuhanje-10-m-m-500ml\/"},"modified":"2023-10-25T13:27:18","modified_gmt":"2023-10-25T11:27:18","slug":"vrhnje-za-kuhanje-10-m-m-500ml","status":"publish","type":"product","link":"https:\/\/meggle.hr\/sl\/izdelka\/vrhnje-za-kuhanje-10-m-m-500ml\/","title":{"rendered":"Smetana za kuhanje 10% m. m. 500ml"},"content":{"rendered":"\n<p>MEGGLE smetana za kuhanje je pripravljena iz najkakovostnej\u0161e smetane in je zaradi svoje izjemne konsistence in gostote idealen dodatek pri pripravi razli\u010dnih jedi, ki s tem dobijo polno aromo.<\/p>\n\n\n\n<p>Na voljo v priro\u010dni embala\u017ei po 250 ml in 500 ml z navojnim pokrov\u010dkom, ki dodatno zagotavlja za\u0161\u010dito samega izdelka.<\/p>\n","protected":false},"template":"","product-category":[81],"class_list":["post-1567","product","type-product","status-publish","hentry","product-category-smetane-za-kuhanje"],"acf":[],"_links":{"self":[{"href":"https:\/\/meggle.hr\/sl\/wp-json\/wp\/v2\/product\/1567","targetHints":{"allow":["GET"]}}],"collection":[{"href":"https:\/\/meggle.hr\/sl\/wp-json\/wp\/v2\/product"}],"about":[{"href":"https:\/\/meggle.hr\/sl\/wp-json\/wp\/v2\/types\/product"}],"wp:attachment":[{"href":"https:\/\/meggle.hr\/sl\/wp-json\/wp\/v2\/media?parent=1567"}],"wp:term":[{"taxonomy":"product-category","embeddable":true,"href":"https:\/\/meggle.hr\/sl\/wp-json\/wp\/v2\/product-category?post=1567"}],"curies":[{"name":"wp","href":"https:\/\/api.w.org\/{rel}","templated":true}]}}