{"id":1562,"date":"2021-05-22T14:11:11","date_gmt":"2021-05-22T14:11:11","guid":{"rendered":"https:\/\/meggle.kord.red\/product\/vrhnje-za-kuhanje-20-m-m-1000ml\/"},"modified":"2023-10-25T13:25:06","modified_gmt":"2023-10-25T11:25:06","slug":"vrhnje-za-kuhanje-20-m-m-1000ml","status":"publish","type":"product","link":"https:\/\/meggle.hr\/sl\/izdelka\/vrhnje-za-kuhanje-20-m-m-1000ml\/","title":{"rendered":"Smetana za kuhanje 20% m. m. 1000ml"},"content":{"rendered":"\n<p>Za tiste, ki imajo radi pristen in popolnej\u0161i okus smetane, je MEGGLE izdelal smetano za kuhanje z 20 % mle\u010dne ma\u0161\u010dobe. Na voljo je v pakiranjih po 250 ml, 500 ml in 1l, s \u010dimer zadovolji potrebe vsake kuhinje.<\/p>\n","protected":false},"template":"","product-category":[81],"class_list":["post-1562","product","type-product","status-publish","hentry","product-category-smetane-za-kuhanje"],"acf":[],"_links":{"self":[{"href":"https:\/\/meggle.hr\/sl\/wp-json\/wp\/v2\/product\/1562","targetHints":{"allow":["GET"]}}],"collection":[{"href":"https:\/\/meggle.hr\/sl\/wp-json\/wp\/v2\/product"}],"about":[{"href":"https:\/\/meggle.hr\/sl\/wp-json\/wp\/v2\/types\/product"}],"wp:attachment":[{"href":"https:\/\/meggle.hr\/sl\/wp-json\/wp\/v2\/media?parent=1562"}],"wp:term":[{"taxonomy":"product-category","embeddable":true,"href":"https:\/\/meggle.hr\/sl\/wp-json\/wp\/v2\/product-category?post=1562"}],"curies":[{"name":"wp","href":"https:\/\/api.w.org\/{rel}","templated":true}]}}