{"id":1561,"date":"2021-05-22T14:11:11","date_gmt":"2021-05-22T14:11:11","guid":{"rendered":"https:\/\/meggle.kord.red\/product\/vrhnje-za-kavu\/"},"modified":"2021-05-26T16:58:21","modified_gmt":"2021-05-26T16:58:21","slug":"smetana-za-kavo","status":"publish","type":"product","link":"https:\/\/meggle.hr\/sl\/izdelka\/smetana-za-kavo\/","title":{"rendered":"Smetana za kavo"},"content":{"rendered":"\n<p>\u010ce imate radi dobro kavo, bo MEGGLE smetana za kavo \u0161e dodatno obogatila ta okus.<br>MEGGLE smetana za kavo ima bogat in kremast okus ter prijetno aromo. Pri\u010detek dneva z najbolj\u0161im dodatkom kave je resni\u010dno prijeten. Ponujamo ga v pakiranjih po 10 kosov po 7,5 g.<br>UHT, homogenizirano. Priro\u010dno.<\/p>\n","protected":false},"template":"","product-category":[83],"class_list":["post-1561","product","type-product","status-publish","hentry","product-category-smetane-za-kavo"],"acf":[],"_links":{"self":[{"href":"https:\/\/meggle.hr\/sl\/wp-json\/wp\/v2\/product\/1561","targetHints":{"allow":["GET"]}}],"collection":[{"href":"https:\/\/meggle.hr\/sl\/wp-json\/wp\/v2\/product"}],"about":[{"href":"https:\/\/meggle.hr\/sl\/wp-json\/wp\/v2\/types\/product"}],"wp:attachment":[{"href":"https:\/\/meggle.hr\/sl\/wp-json\/wp\/v2\/media?parent=1561"}],"wp:term":[{"taxonomy":"product-category","embeddable":true,"href":"https:\/\/meggle.hr\/sl\/wp-json\/wp\/v2\/product-category?post=1561"}],"curies":[{"name":"wp","href":"https:\/\/api.w.org\/{rel}","templated":true}]}}