{"id":1559,"date":"2021-05-22T14:11:11","date_gmt":"2021-05-22T14:11:11","guid":{"rendered":"https:\/\/meggle.kord.red\/product\/pana-da-cucina\/"},"modified":"2021-05-26T16:56:35","modified_gmt":"2021-05-26T16:56:35","slug":"pana-da-cucina","status":"publish","type":"product","link":"https:\/\/meggle.hr\/sl\/izdelka\/pana-da-cucina\/","title":{"rendered":"Pana da cucina"},"content":{"rendered":"\n<p>\u017de samo ime je povezano z Italijo in vemo, da smo tako kot Italijani strastni gurmani in da je na\u0161a kuhinja prostor za ustvarjanje okusnih sladic. MEGGLE Panna da cucina obogati okusne omake in klasi\u010dne juhe naredi bolj zanimive. Poskusite pa jo tudi pri pripravi peciva, kola\u010dev in krem. Na voljo je v pakiranju po 200 ml.<\/p>\n","protected":false},"template":"","product-category":[81],"class_list":["post-1559","product","type-product","status-publish","hentry","product-category-smetane-za-kuhanje"],"acf":[],"_links":{"self":[{"href":"https:\/\/meggle.hr\/sl\/wp-json\/wp\/v2\/product\/1559","targetHints":{"allow":["GET"]}}],"collection":[{"href":"https:\/\/meggle.hr\/sl\/wp-json\/wp\/v2\/product"}],"about":[{"href":"https:\/\/meggle.hr\/sl\/wp-json\/wp\/v2\/types\/product"}],"wp:attachment":[{"href":"https:\/\/meggle.hr\/sl\/wp-json\/wp\/v2\/media?parent=1559"}],"wp:term":[{"taxonomy":"product-category","embeddable":true,"href":"https:\/\/meggle.hr\/sl\/wp-json\/wp\/v2\/product-category?post=1559"}],"curies":[{"name":"wp","href":"https:\/\/api.w.org\/{rel}","templated":true}]}}