{"id":1544,"date":"2021-05-22T15:11:00","date_gmt":"2021-05-22T15:11:00","guid":{"rendered":"https:\/\/meggle.kord.red\/product\/tekuci-jogurt-2-8-m-m-330g\/"},"modified":"2025-01-14T17:52:04","modified_gmt":"2025-01-14T16:52:04","slug":"tekoci-jogurt-2-8-m-m-330g","status":"publish","type":"product","link":"https:\/\/meggle.hr\/sl\/izdelka\/tekoci-jogurt-2-8-m-m-330g\/","title":{"rendered":"Teko\u010di jogurt 2.8% m. m. 330g"},"content":{"rendered":"\n<p>Odli\u010dni, polnega okusa in hranljivi MEGGLE teko\u010di jogurti so na voljo v 180 g skodelici in PET embala\u017ei koli\u010dine 330 g in 1l. Najljub\u0161i in osve\u017eujo\u010d mle\u010dni obrok smo ustvarili tako, da je na voljo vsem in tako zadovoljili potrebe na\u0161ih potro\u0161nikov.<\/p>\n","protected":false},"template":"","product-category":[],"class_list":["post-1544","product","type-product","status-publish","hentry"],"acf":[],"_links":{"self":[{"href":"https:\/\/meggle.hr\/sl\/wp-json\/wp\/v2\/product\/1544","targetHints":{"allow":["GET"]}}],"collection":[{"href":"https:\/\/meggle.hr\/sl\/wp-json\/wp\/v2\/product"}],"about":[{"href":"https:\/\/meggle.hr\/sl\/wp-json\/wp\/v2\/types\/product"}],"wp:attachment":[{"href":"https:\/\/meggle.hr\/sl\/wp-json\/wp\/v2\/media?parent=1544"}],"wp:term":[{"taxonomy":"product-category","embeddable":true,"href":"https:\/\/meggle.hr\/sl\/wp-json\/wp\/v2\/product-category?post=1544"}],"curies":[{"name":"wp","href":"https:\/\/api.w.org\/{rel}","templated":true}]}}