{"id":1512,"date":"2021-05-22T15:26:42","date_gmt":"2021-05-22T15:26:42","guid":{"rendered":"https:\/\/meggle.kord.red\/product\/bel-ami-cream-mix\/"},"modified":"2021-05-26T17:15:01","modified_gmt":"2021-05-26T17:15:01","slug":"bel-ami-cream-mix","status":"publish","type":"product","link":"https:\/\/meggle.hr\/sl\/izdelka\/bel-ami-cream-mix\/","title":{"rendered":"Bel Ami cream mix"},"content":{"rendered":"\n<p>V skupini topljenih sirov je MEGGLE z Bel Ami postavil nove trende na hrva\u0161kem trgu. V samo enem paketu prinesemo \u0161tiri razli\u010dne in bogate okuse topljenega sira, ki bodo zadovoljili tudi najve\u010dje gurmane. Bel Ami Mix poleg naravnega okusa prina\u0161a \u0161e naslednje: \u0161ampinjoni, paprika in zeli\u0161\u010da. V 140 g pakiranju bo vsak na\u0161el okus zase!<\/p>\n","protected":false},"template":"","product-category":[75],"class_list":["post-1512","product","type-product","status-publish","hentry","product-category-namazi-sl"],"acf":[],"_links":{"self":[{"href":"https:\/\/meggle.hr\/sl\/wp-json\/wp\/v2\/product\/1512","targetHints":{"allow":["GET"]}}],"collection":[{"href":"https:\/\/meggle.hr\/sl\/wp-json\/wp\/v2\/product"}],"about":[{"href":"https:\/\/meggle.hr\/sl\/wp-json\/wp\/v2\/types\/product"}],"wp:attachment":[{"href":"https:\/\/meggle.hr\/sl\/wp-json\/wp\/v2\/media?parent=1512"}],"wp:term":[{"taxonomy":"product-category","embeddable":true,"href":"https:\/\/meggle.hr\/sl\/wp-json\/wp\/v2\/product-category?post=1512"}],"curies":[{"name":"wp","href":"https:\/\/api.w.org\/{rel}","templated":true}]}}