{"id":1502,"date":"2021-05-22T15:43:09","date_gmt":"2021-05-22T15:43:09","guid":{"rendered":"https:\/\/meggle.kord.red\/product\/antipasti-masline-210g\/"},"modified":"2021-05-26T19:56:17","modified_gmt":"2021-05-26T19:56:17","slug":"olive-polnjene-s-sirom-210g","status":"publish","type":"product","link":"https:\/\/meggle.hr\/sl\/izdelka\/olive-polnjene-s-sirom-210g\/","title":{"rendered":"Olive polnjene s sirom 210g"},"content":{"rendered":"\n<p>\u010ce ste ljubitelji oliv, bo njihova kombinacija z MEGGLE sve\u017eim sirom zagotovo odli\u010dna izbira za va\u0161o predjed. \u017de en gri\u017eljaj vas bo spomnil na son\u010dno Sredozemlje in vam zagotovil nepozabne gastronomske trenutke.<\/p>\n","protected":false},"template":"","product-category":[47],"class_list":["post-1502","product","type-product","status-publish","hentry","product-category-antipasti-predjedi"],"acf":[],"_links":{"self":[{"href":"https:\/\/meggle.hr\/sl\/wp-json\/wp\/v2\/product\/1502","targetHints":{"allow":["GET"]}}],"collection":[{"href":"https:\/\/meggle.hr\/sl\/wp-json\/wp\/v2\/product"}],"about":[{"href":"https:\/\/meggle.hr\/sl\/wp-json\/wp\/v2\/types\/product"}],"wp:attachment":[{"href":"https:\/\/meggle.hr\/sl\/wp-json\/wp\/v2\/media?parent=1502"}],"wp:term":[{"taxonomy":"product-category","embeddable":true,"href":"https:\/\/meggle.hr\/sl\/wp-json\/wp\/v2\/product-category?post=1502"}],"curies":[{"name":"wp","href":"https:\/\/api.w.org\/{rel}","templated":true}]}}