{"id":1494,"date":"2021-05-22T15:43:09","date_gmt":"2021-05-22T15:43:09","guid":{"rendered":"https:\/\/meggle.kord.red\/product\/antipasti-cherry-paprike-punjene-sirom-210g\/"},"modified":"2021-05-26T19:56:37","modified_gmt":"2021-05-26T19:56:37","slug":"cesnjeva-paprika-polnjena-s-sirom-210g","status":"publish","type":"product","link":"https:\/\/meggle.hr\/sl\/izdelka\/cesnjeva-paprika-polnjena-s-sirom-210g\/","title":{"rendered":"\u010ce\u0161njeva paprika polnjena s sirom 210g"},"content":{"rendered":"\n<p>MEGGLE Antipasti so drugo ime za okusno predjed. Skrbno izbrane mini paprike so ro\u010dno polnjene s kakovostnim MEGGLE sve\u017eim sirom in za\u010dinjene v skladu z edinstvenim receptom.<\/p>\n\n\n\n<p>U\u017eivali boste!<\/p>\n","protected":false},"template":"","product-category":[47],"class_list":["post-1494","product","type-product","status-publish","hentry","product-category-antipasti-predjedi"],"acf":[],"_links":{"self":[{"href":"https:\/\/meggle.hr\/sl\/wp-json\/wp\/v2\/product\/1494","targetHints":{"allow":["GET"]}}],"collection":[{"href":"https:\/\/meggle.hr\/sl\/wp-json\/wp\/v2\/product"}],"about":[{"href":"https:\/\/meggle.hr\/sl\/wp-json\/wp\/v2\/types\/product"}],"wp:attachment":[{"href":"https:\/\/meggle.hr\/sl\/wp-json\/wp\/v2\/media?parent=1494"}],"wp:term":[{"taxonomy":"product-category","embeddable":true,"href":"https:\/\/meggle.hr\/sl\/wp-json\/wp\/v2\/product-category?post=1494"}],"curies":[{"name":"wp","href":"https:\/\/api.w.org\/{rel}","templated":true}]}}