{"id":1489,"date":"2021-05-22T15:56:11","date_gmt":"2021-05-22T13:56:11","guid":{"rendered":"https:\/\/meggle.kord.red\/product\/baguette-rustikal\/"},"modified":"2023-11-08T14:42:06","modified_gmt":"2023-11-08T13:42:06","slug":"baguette-rustikal","status":"publish","type":"product","link":"https:\/\/meggle.hr\/sl\/izdelka\/baguette-rustikal\/","title":{"rendered":"Baguette Rustikal"},"content":{"rendered":"\n<p>Ko kombiniramo priljubljene tradicionalne okuse s sodobnimi, nastane ta neustavljiva MEGGLE Baguette-a. MEGGLE Baguette Rustic je rustikalen kruh iz polnozrnate moke z bogatim dodatkom MEGGLE masla z zeli\u0161\u010di. Pripravljena je v trenutku, \u0161e hitreje pa se jo poje!<\/p>\n","protected":false},"template":"","product-category":[112,51],"class_list":["post-1489","product","type-product","status-publish","hentry","product-category-meggle-vegan-sl","product-category-baguette-sl"],"acf":[],"_links":{"self":[{"href":"https:\/\/meggle.hr\/sl\/wp-json\/wp\/v2\/product\/1489","targetHints":{"allow":["GET"]}}],"collection":[{"href":"https:\/\/meggle.hr\/sl\/wp-json\/wp\/v2\/product"}],"about":[{"href":"https:\/\/meggle.hr\/sl\/wp-json\/wp\/v2\/types\/product"}],"wp:attachment":[{"href":"https:\/\/meggle.hr\/sl\/wp-json\/wp\/v2\/media?parent=1489"}],"wp:term":[{"taxonomy":"product-category","embeddable":true,"href":"https:\/\/meggle.hr\/sl\/wp-json\/wp\/v2\/product-category?post=1489"}],"curies":[{"name":"wp","href":"https:\/\/api.w.org\/{rel}","templated":true}]}}