{"id":1484,"date":"2021-05-22T15:56:11","date_gmt":"2021-05-22T15:56:11","guid":{"rendered":"https:\/\/meggle.kord.red\/product\/creme-patisserie-200ml\/"},"modified":"2022-05-24T10:35:00","modified_gmt":"2022-05-24T08:35:00","slug":"creme-patisserie-pripravek-za-stepeno-smetano-z-rastlinsko-mascobo-200ml","status":"publish","type":"product","link":"https:\/\/meggle.hr\/sl\/izdelka\/creme-patisserie-pripravek-za-stepeno-smetano-z-rastlinsko-mascobo-200ml\/","title":{"rendered":"Creme Patisserie pripravek za stepeno smetano z rastlinsko ma\u0161\u010dobo 200ml"},"content":{"rendered":"\n<p>Ko potrebujete gosto in \u010dvrsto dekoracijo z nepogre\u0161ljivim okusom ali dodatek k svojim sladkim kulinari\u010dnim izdelkom, uporabite MEGGLE Creme Patisserie, pripravek za stepeno smetano z rastlinsko ma\u0161\u010dobo. Je idealna alternativa mle\u010dni stepeni smetani. Zagotavlja vse, kar potrebujete, brez dodatnih utrjevalcev \u2013 ve\u010dja koli\u010dina po stepanju, popolna tekstura in bogat okus. Lahka in okusna MEGGLE Creme Patisserie pripravek za stepeno smetano z rastlinsko ma\u0161\u010dobo lahko poi\u0161\u010dete v treh razli\u010dnih pakiranjih: 200 ml, 500 ml ali 1l. Uporabite ga lahko za sadne solate, torte, pecivo ali kot dodatek k kavi.<\/p>\n","protected":false},"template":"","product-category":[89],"class_list":["post-1484","product","type-product","status-publish","hentry","product-category-smetane-sl"],"acf":[],"_links":{"self":[{"href":"https:\/\/meggle.hr\/sl\/wp-json\/wp\/v2\/product\/1484","targetHints":{"allow":["GET"]}}],"collection":[{"href":"https:\/\/meggle.hr\/sl\/wp-json\/wp\/v2\/product"}],"about":[{"href":"https:\/\/meggle.hr\/sl\/wp-json\/wp\/v2\/types\/product"}],"wp:attachment":[{"href":"https:\/\/meggle.hr\/sl\/wp-json\/wp\/v2\/media?parent=1484"}],"wp:term":[{"taxonomy":"product-category","embeddable":true,"href":"https:\/\/meggle.hr\/sl\/wp-json\/wp\/v2\/product-category?post=1484"}],"curies":[{"name":"wp","href":"https:\/\/api.w.org\/{rel}","templated":true}]}}