{"id":1481,"date":"2021-05-22T15:56:11","date_gmt":"2021-05-22T15:56:11","guid":{"rendered":"https:\/\/meggle.kord.red\/product\/panna-cotta\/"},"modified":"2021-08-27T13:37:43","modified_gmt":"2021-08-27T13:37:43","slug":"panna-cotta","status":"publish","type":"product","link":"https:\/\/meggle.hr\/sl\/izdelka\/panna-cotta\/","title":{"rendered":"Panna cotta 1000 ml"},"content":{"rendered":"\n<p>Panna Cotta je talijanski desert porijeklom iz Piedmonta. Ova kremasta delicija s okusom vanilije po strukturi \u0107e vas podsjetiti na puding, ali usu\u0111ujemo se re\u0107i da je jo\u0161 ukusnija. U\u017eivajte u laganom, ali nezaboravnom desertu\u2026 Samo pustite neka se polako topi u ustima. Osim neodoljivog okusa, Meggle Panna Cotta je poznata po iznimno jednostavnom na\u010dinu pripreme. U samo par minuta do premium deserta!<\/p>\n\n\n\n<p>Meggle Panna Cotta dolazi u pakiranju od 1000ml.<\/p>\n","protected":false},"template":"","product-category":[87],"class_list":["post-1481","product","type-product","status-publish","hentry","product-category-sladice"],"acf":[],"_links":{"self":[{"href":"https:\/\/meggle.hr\/sl\/wp-json\/wp\/v2\/product\/1481","targetHints":{"allow":["GET"]}}],"collection":[{"href":"https:\/\/meggle.hr\/sl\/wp-json\/wp\/v2\/product"}],"about":[{"href":"https:\/\/meggle.hr\/sl\/wp-json\/wp\/v2\/types\/product"}],"wp:attachment":[{"href":"https:\/\/meggle.hr\/sl\/wp-json\/wp\/v2\/media?parent=1481"}],"wp:term":[{"taxonomy":"product-category","embeddable":true,"href":"https:\/\/meggle.hr\/sl\/wp-json\/wp\/v2\/product-category?post=1481"}],"curies":[{"name":"wp","href":"https:\/\/api.w.org\/{rel}","templated":true}]}}