{"id":3226,"date":"2022-01-14T12:01:55","date_gmt":"2022-01-14T12:01:55","guid":{"rendered":"https:\/\/www.meggle.hr\/?page_id=3226"},"modified":"2022-01-14T12:01:55","modified_gmt":"2022-01-14T12:01:55","slug":"smernica-za-zvizgace","status":"publish","type":"page","link":"https:\/\/meggle.hr\/sl\/smernica-za-zvizgace\/","title":{"rendered":"Smernica za \u017evi\u017ega\u010de"},"content":{"rendered":"\n<p>Smernica za \u017evi\u017ega\u010de (EU) 2019\/1937<\/p>\n\n\n\n<p>Vsak zaposleni v MEGGLE ali katera koli druga fizi\u010dna oseba, ima mo\u017enost prijaviti kr\u0161itve veljavnega nacionalnega ali mednarodnega prava ali druge kr\u0161itve uradu za skladnost MEGGLE Group GmbH preko povezanega sistema za prijavo \u017evi\u017ega\u010dev <a href=\"https:\/\/meggle.opture.app\/hgs\" target=\"_blank\" rel=\"noreferrer noopener\">tukaj<\/a>. \u017dvi\u017ega\u010d lahko prijavi popolnoma anonimno ali z navedbo osebnih podatkov. V primeru anonimne prijave si lahko pozneje ogledate stanje obdelave va\u0161ega poro\u010dila z vnosom vzdevka in lastno dodeljenim geslom. V tem primeru si zapomnite dostopne podatke, ki ste jih posredovali sami. V zvezi s tem ostaja va\u0161a anonimnost zagotovljena.<\/p>\n\n\n\n<p>Kliknite <a href=\"https:\/\/meggle.opture.app\/hgs\" target=\"_blank\" rel=\"noreferrer noopener\">tukaj<\/a> za dostop do digitalnega sistema \u017evi\u017ega\u010dev skupine MEGGLE.<\/p>\n","protected":false},"excerpt":{"rendered":"<p>Smernica za \u017evi\u017ega\u010de (EU) 2019\/1937 Vsak zaposleni v MEGGLE ali katera koli druga fizi\u010dna oseba, ima mo\u017enost prijaviti kr\u0161itve veljavnega nacionalnega ali mednarodnega prava ali druge kr\u0161itve uradu za skladnost &hellip;<\/p>\n","protected":false},"author":1,"featured_media":0,"parent":0,"menu_order":6,"comment_status":"closed","ping_status":"closed","template":"","meta":{"_acf_changed":false,"footnotes":""},"class_list":["post-3226","page","type-page","status-publish","hentry"],"acf":[],"_links":{"self":[{"href":"https:\/\/meggle.hr\/sl\/wp-json\/wp\/v2\/pages\/3226","targetHints":{"allow":["GET"]}}],"collection":[{"href":"https:\/\/meggle.hr\/sl\/wp-json\/wp\/v2\/pages"}],"about":[{"href":"https:\/\/meggle.hr\/sl\/wp-json\/wp\/v2\/types\/page"}],"author":[{"embeddable":true,"href":"https:\/\/meggle.hr\/sl\/wp-json\/wp\/v2\/users\/1"}],"replies":[{"embeddable":true,"href":"https:\/\/meggle.hr\/sl\/wp-json\/wp\/v2\/comments?post=3226"}],"version-history":[{"count":1,"href":"https:\/\/meggle.hr\/sl\/wp-json\/wp\/v2\/pages\/3226\/revisions"}],"predecessor-version":[{"id":3227,"href":"https:\/\/meggle.hr\/sl\/wp-json\/wp\/v2\/pages\/3226\/revisions\/3227"}],"wp:attachment":[{"href":"https:\/\/meggle.hr\/sl\/wp-json\/wp\/v2\/media?parent=3226"}],"curies":[{"name":"wp","href":"https:\/\/api.w.org\/{rel}","templated":true}]}}