{"id":1346,"date":"2021-05-26T15:13:58","date_gmt":"2021-05-26T15:13:58","guid":{"rendered":"https:\/\/meggle.kord.red\/?page_id=1346"},"modified":"2021-05-26T15:18:48","modified_gmt":"2021-05-26T15:18:48","slug":"izjava-o-zasebnosti","status":"publish","type":"page","link":"https:\/\/meggle.hr\/sl\/izjava-o-zasebnosti\/","title":{"rendered":"Izjava o zasebnosti"},"content":{"rendered":"\n<p>Zahvaljujemo se vam za zanimanje za na\u0161 portal <a href=\"http:\/\/www.meggle.hr\">www.meggle.hr<\/a> in na\u0161e podjetje. Za\u0161\u010dito va\u0161ih osebnih podatkov, zbranih, obdelanih in uporabljenih med obiskom na\u0161ega portala, jemljemo zelo resno. Sprejeli smo tehni\u010dne in organizacijske ukrepe za zagotovitev, da na\u0161e podjetje in zunanji ponudniki storitev spo\u0161tujejo dolo\u010dbe Zakona o varstvu osebnih podatkov. V tem delu na\u0161e spletne strani vas \u017eelimo obvestiti o obsegu, naravi, uporabi, obdelavi in namenu zbiranja osebnih podatkov, ki jih delite z nami.<\/p>\n\n\n\n<h2 class=\"wp-block-heading\">1. Zbiranje in obdelava podatkov<\/h2>\n\n\n\n<p>\u00bbOsebni podatki\u00ab pomenijo podatke o vas kot posamezniku.<br>Vklju\u010dujejo elemente kot so ime, naslov, telefonska \u0161tevilka in e-po\u0161tni naslov.<\/p>\n\n\n\n<p>Na splo\u0161no lahko na\u0161e spletno mesto obi\u0161\u010dete, ne da bi morali izdati kakr\u0161ne koli osebne podatke \u2013 npr., \u010de preprosto \u017eelite izvedeti ve\u010d o na\u0161ih izdelkih s klikom na ustrezne strani. Na ta na\u010din zabele\u017eimo vsak dostop do na\u0161ega spletnega mesta in vsak prenos datotek, shranjenih na na\u0161i spletni strani. Tako evidentirani dnevni\u0161ki zapisi se uporabljajo v internih sistemih in statistiki. Na\u0161i dnevni\u0161ki zapisi vsebujejo zapisana imena datotek do katerih ste dostopali, datum in \u010das dostopa, koli\u010dino prenesenih podatkov in ali je bil dostop uspe\u0161en, internetni brskalnik ter domeno, uporabljeno za dostop. Ta postopek ne prena\u0161a nobenih osebnih podatkov iz ra\u010dunalnika, podatki, ki jih sistem zabele\u017ei pa se shranijo lo\u010deno od vseh osebnih podatkov, ki jih imamo na voljo od vas. Prav tako zapi\u0161emo tudi IP naslove ra\u010dunalnikov, ki dostopajo do na\u0161ega spletnega mesta.<\/p>\n\n\n\n<p>V nekaterih primerih pa za zagotovitev storitev, ki jih zahtevate, potrebujemo va\u0161e ime in naslov ter druge podatke. Ti drugi elementi osebnih podatkov se zabele\u017eijo in shranijo le, \u010de ste nam jih posredovali prostovoljno \u2013 npr. pri po\u0161iljanju povpra\u0161evanja, ob prijavi na na\u0161em spletnem mestu, z naro\u010danjem (ali po\u0161iljanjem povpra\u0161evanja) itd.<\/p>\n\n\n\n<p>Soglasje za uporabo svojih podatkov lahko kadar koli prekli\u010dete. \u010ce \u017eelite to storiti, vas napro\u0161amo, da stopite z nami v stik.<\/p>\n\n\n\n<h2 class=\"wp-block-heading\">2. Poseben namen, uporaba in deljenje osebnih podatkov<\/h2>\n\n\n\n<p>\u010ce nam posredujete svoje osebne podatke, jih bomo uporabili samo za odgovor na va\u0161a vpra\u0161anja, za obdelavo vpra\u0161anj o na\u0161ih storitvah (sodelovanje v nagradnih igrah in podobno), za va\u0161e povratne informacije o kampanjah ali za dostop do informacij in ponudb, povezanih s posameznimi elementi. Vsaka uporaba va\u0161ih podatkov mora biti v skladu z zakonodajo.<br>Osebne podatke, ki nam jih posredujete na spletu, bomo zbirali in obdelovali izklju\u010dno za namene o katerih smo vas predhodno obvestili. Va\u0161i osebni podatki se bodo prenesli ali sporo\u010dili tretjim osebam le, \u010de je to potrebno za izvajanje ene od dejavnosti navedene v prvem stavku 1, 2. odstavka, npr. v primerih, ko so dru\u017ebe iz MEGGLE skupine sklenile pogodbo s ponudniki storitev (npr. za dostavo blaga, ki ste ga naro\u010dili) ali \u010de ste se predhodno dogovorili za tak\u0161no izmenjavo informacij. Tak\u0161nim tretjim osebam je prepovedana uporaba osebnih podatkov za druge namene.Seveda spo\u0161tujemo va\u0161e \u017eelje, \u010de ne \u017eelite, da se va\u0161i osebni podatki uporabljajo za nadaljnje izbolj\u0161anje na\u0161ega odnosa s kupci (zlasti za namene neposrednega tr\u017eenja ali tr\u017ene raziskave).<br>Osebne podatke o na\u0161ih strankah bomo razkrili le, \u010de jih po zakonu ali odredbi sodi\u0161\u010da moramo razkriti. Razkritje osebnih podatkov je mo\u017eno tudi v primeru, ko je treba potrditi ali podpreti na\u0161e Splo\u0161ne pogoje ali druge sklenjene sporazume. Enako velja za shranjevanje teh podatkov.<br>Podatki ne bodo objavljeni za na\u0161o komercialno uporabo. Na\u0161i zaposleni in podjetja, s katerimi imamo sklenjene pogodbe o sodelovanju morajo podpisati pogodbo o zaupnosti, s katero se strinjajo z upo\u0161tevanjem dolo\u010db hrva\u0161kega Zakona o varstvu osebnih podatkov. Dostop na\u0161ih zaposlenih do osebnih podatkov je omejen na zaposlene, ki potrebujejo dostop do podatkov za opravljanje svojih dol\u017enosti v na\u0161em podjetju.<\/p>\n\n\n\n<h2 class=\"wp-block-heading\">3. Izbris<\/h2>\n\n\n\n<p>Va\u0161i shranjeni osebni podatki se izbri\u0161ejo v naslednjih primerih: \u010de prekli\u010dete soglasje za hrambo va\u0161ih podatkov; \u010de poznavanje podatkov ni ve\u010d potrebno za izpolnitev namena, zaradi katerega so bili shranjeni; ali \u010de je njihovo shranjevanje prepovedano z drugo pravno podlago \u2013 razen v primerih, ko zakonski rok za hrambo tovrstnih podatkov prepoveduje njihov izbris. V tem primeru so ti podatki izklju\u010deni in ne izbrisani.<\/p>\n\n\n\n<h2 class=\"wp-block-heading\">4. Informacije<\/h2>\n\n\n\n<p>Ko oddate zahtevo v pisni obliki, vas bomo z veseljem obvestili o osebnih podatkih, ki smo jih shranili o vas.<\/p>\n\n\n\n<p>Po najbolj\u0161ih mo\u010deh se trudimo, da se sprejmejo vsi tehni\u010dni in organizacijski ukrepi za shranjevanje va\u0161ih osebnih podatkov \u2013 da so varni pred nepoobla\u0161\u010denim dostopom. Pri e-po\u0161tni komunikaciji ne moremo zagotoviti, da bodo va\u0161i podatki 100 % varni: \u010de nam \u017eelite svoje podatke zaupati, priporo\u010damo, da to storite po po\u0161ti.<\/p>\n\n\n\n<h2 class=\"wp-block-heading\">5. Pi\u0161kotki<\/h2>\n\n\n\n<p>Ko obi\u0161\u010dete katero od na\u0161ih spletnih mest, se lahko odlo\u010dimo, da podatke v va\u0161em ra\u010dunalniku shranimo v obliki \u00bbpi\u0161kotov\u00ab. Pi\u0161kotek je majhna besedilna datoteka, ki se med obiskom spletnega mesta prenese v uporabnikov ra\u010dunalnik in nato shrani na trdi disk ra\u010dunalnika.<\/p>\n\n\n\n<p>Podatki, shranjeni v pi\u0161kotkih, nam pomagajo, da vas naslednji\u010d samodejno prepoznamo, ko obi\u0161\u010dete na\u0161e spletno mesto in nam dovolite nadaljnjo prilagoditev na\u0161ih izdelkov in storitev \u2013 npr. preprostej\u0161e mo\u017enosti menija. Pi\u0161kotki nam pomagajo prilagoditi spletna mesta va\u0161im interesom.<\/p>\n\n\n\n<p>Uporabnik lahko obi\u0161\u010de na\u0161o spletno stran brez uporabe pi\u0161kotov. \u010ce ne \u017eelite, da jih ra\u010dunalnik med obiskom prepozna, jih lahko nastavite tako, da ne shranjujejo pi\u0161kotov na trdem disku. To storite tako, da v nastavitvah brskalnika izberete mo\u017enost \u00bbNe sprejemam pi\u0161kotov\u00ab. Za podrobnosti o delovanju in mo\u017enostih, preberite navodila ponudnika internetnega brskalnika. \u010ce pi\u0161kotov ne sprejmete, lahko omejimo funkcionalnost na\u0161ih izdelkov in storitev.<\/p>\n\n\n\n<h2 class=\"wp-block-heading\">6. Facebook<\/h2>\n\n\n\n<p>Na na\u0161em spletnem mestu so integrirani dodatni podatki iz socialnega omre\u017eja Facebook, 1601 South California Avenue, Palo Alto, CA 94304, ZDA. Tovrstne dodatke lahko prepoznate preko logotipa Facebook ali gumba \u00bbV\u0161e\u010d mi je\u00ab na na\u0161em spletnem mestu. \u010ce si \u017eelite ogledati vti\u010dnike za Facebook, obi\u0161\u010dite spletno mesto developers.facebook.com\/docs\/plugins.<\/p>\n\n\n\n<p>Ko obi\u0161\u010dete na\u0161o spletno stran <a href=\"http:\/\/www.meggle.hr\">www.meggle.hr<\/a>, vti\u010dnik zagotavlja neposredno povezavo med brskalnikom in Facebook stre\u017enikom. V tem procesu je Facebook obve\u0161\u010den, da ste vi oz. va\u0161 ra\u010dunalnik in IP naslov \u2013 obiskali na\u0161e spletno mesto.\u010ce na Facebook-u kliknete gumb \u00bbV\u0161e\u010d mi je\u00ab, medtem ko ste prijavljeni v svoj Facebook ra\u010dun, lahko vsebino na\u0161ih strani pove\u017eete s svojim Facebook profilom. To omogo\u010da Facebook-u, da obisk na\u0161ega spletnega mesta pove\u017ee z va\u0161im ra\u010dunom. Izrecno vas obve\u0161\u010damo, da kot ponudnik tega spletnega mesta nimamo informacij o podatkih, poslanih Facebook-u, niti o na\u010dinu kako jih Facebook uporablja. Za podrobnej\u0161e informacije si oglejte Facebook-ov pravilnik o zasebnosti na www.facebook.com\/about\/privacy\/.<br>\u010ce ne \u017eelite, da Facebook va\u0161 obisk na\u0161ega spletnega mesta pove\u017ee z va\u0161im Facebook ra\u010dunom, se najprej odjavite iz svojega Facebook ra\u010duna.<\/p>\n\n\n\n<h2 class=\"wp-block-heading\">7. Povezave<\/h2>\n\n\n\n<p>Ti pravilniki o zasebnosti ne veljajo za storitve, ki jih ponujajo druga podjetja ali posamezniki, vklju\u010dno z izdelki ali spletnimi mesti.<br>Ko ponujamo povezave, se trudimo, da bi te povezave odra\u017eale na\u0161e Pogoje uporabe in na\u0161e varnostne standarde. Vendar ne moremo vplivati na druge ponudnike storitev in jih prisiliti, da upo\u0161tevajo na\u0161e pravilnike o zasebnosti in varnostne standarde. V skladu s tem se obrnite na spletna mesta drugih ponudnikov storitev, zlasti na politiko zasebnosti, objavljeno na njihovih spletnih mestih.<br><\/p>\n\n\n\n<h2 class=\"wp-block-heading\">8. Spremembe podojev pravilnika o zasebnosti<\/h2>\n\n\n\n<p>ZPridr\u017eujemo si pravico do spremembe na\u0161e politike zasebnosti in sistema varstva osebnih podatkov, kadar tehnolo\u0161ki napredek to zahteva. V tak\u0161nih primerih bomo pregledali tudi pravilnik o zasebnosti. Zato vas napro\u0161amo, da vedno preberete na\u0161o najnovej\u0161o razli\u010dico Pravilnika o zasebnosti.<\/p>\n\n\n\n<h2 class=\"wp-block-heading\">9. Otroci in mladi<\/h2>\n\n\n\n<p>Praviloma osebe, mlaj\u0161e od 18 let, ne smejo z nami deliti osebnih podatkov brez privolitve star\u0161ev ali skrbnika. Poleg tega izrecno navajamo, da ne zahtevamo, zbiramo ali delimo osebne podatke tretjim osebam v zvezi z otroki in mladimi.<\/p>\n\n\n\n<h2 class=\"wp-block-heading\">10. Odgovorna oseba \/ pravica do zavrnitve \/ mo\u017enost kontakta<\/h2>\n\n\n\n<p>Soglasje za zbiranje in shranjevanje va\u0161ih osebnih podatkov lahko kadar koli prekli\u010dete. Na nas se lahko obrnete tudi, \u010de imate kakr\u0161na koli vpra\u0161anja v zvezi z na\u0161im pravilnikom o zasebnosti in \u010de \u017eelite popravke va\u0161ih osebnih podatkov ali njihov izbris.<\/p>\n","protected":false},"excerpt":{"rendered":"<p>Zahvaljujemo se vam za zanimanje za na\u0161 portal www.meggle.hr in na\u0161e podjetje. Za\u0161\u010dito va\u0161ih osebnih podatkov, zbranih, obdelanih in uporabljenih med obiskom na\u0161ega portala, jemljemo zelo resno. Sprejeli smo tehni\u010dne &hellip;<\/p>\n","protected":false},"author":1,"featured_media":0,"parent":0,"menu_order":20,"comment_status":"closed","ping_status":"closed","template":"","meta":{"_acf_changed":false,"footnotes":""},"class_list":["post-1346","page","type-page","status-publish","hentry"],"acf":[],"_links":{"self":[{"href":"https:\/\/meggle.hr\/sl\/wp-json\/wp\/v2\/pages\/1346","targetHints":{"allow":["GET"]}}],"collection":[{"href":"https:\/\/meggle.hr\/sl\/wp-json\/wp\/v2\/pages"}],"about":[{"href":"https:\/\/meggle.hr\/sl\/wp-json\/wp\/v2\/types\/page"}],"author":[{"embeddable":true,"href":"https:\/\/meggle.hr\/sl\/wp-json\/wp\/v2\/users\/1"}],"replies":[{"embeddable":true,"href":"https:\/\/meggle.hr\/sl\/wp-json\/wp\/v2\/comments?post=1346"}],"version-history":[{"count":4,"href":"https:\/\/meggle.hr\/sl\/wp-json\/wp\/v2\/pages\/1346\/revisions"}],"predecessor-version":[{"id":1351,"href":"https:\/\/meggle.hr\/sl\/wp-json\/wp\/v2\/pages\/1346\/revisions\/1351"}],"wp:attachment":[{"href":"https:\/\/meggle.hr\/sl\/wp-json\/wp\/v2\/media?parent=1346"}],"curies":[{"name":"wp","href":"https:\/\/api.w.org\/{rel}","templated":true}]}}