{"id":1328,"date":"2021-05-26T14:59:28","date_gmt":"2021-05-26T14:59:28","guid":{"rendered":"https:\/\/meggle.kord.red\/?page_id=1328"},"modified":"2025-02-21T14:13:18","modified_gmt":"2025-02-21T13:13:18","slug":"podjetje","status":"publish","type":"page","link":"https:\/\/meggle.hr\/sl\/podjetje\/","title":{"rendered":"Podjetje"},"content":{"rendered":"\n<h2 class=\"wp-block-heading\">O nas<\/h2>\n\n\n\n<p>MEGGLE Hrva\u0161ka je eden izmed treh najpomembnej\u0161ih branda mle\u010dnih proizvodov in predelanih proizvodov na Hrva\u0161kem. V ve\u010d kot dveh desetletjih poslovanja na Hrva\u0161kem smo s kakovostjo, inovativnostjo in cenovno dostopnostjo uspeli osvojiti in ohraniti zaupanje na\u0161ih kupcev, kar pove\u010duje tudi na\u0161o odgovornost in zadovoljstvo.<br>Prepri\u010dani smo, da je to predvsem posledica tega, da brezkompromisno sledimo svojim osnovnim idejam \u2013 nenehno izbolj\u0161evanje in zagotavljanje najkakovostnej\u0161ih mle\u010dnih izdelkov, ki so jih vajeni na\u0161i kupci. MEGGLE Hrva\u0161ka bo \u0161e naprej izpolnjeval potrebe in \u017eelje svojih kupcev z vlaganjem v kakovost in embala\u017eo proizvodov ter ustvarjanjem popolnoma novih izdelkov na trgu.<\/p>\n\n\n\n<p>Kljub temu, da je na\u0161e delo polno izzivov, nas ti osre\u010dujejo in v njih u\u017eivamo!<br>U\u017eivajte tudi vi v sadovih na\u0161ega dela z nami.<br>Na tej strani lahko poi\u0161\u010dete ve\u010d informacij o na\u0161ih izdelkih, nasvete, dodatne informacije in priro\u010dne recepte. <\/p>\n\n\n\n<p>Hvala, ker izbirate MEGGLE izdelke.<br>\u0160e naprej se bomo trudili, da upravi\u010dimo va\u0161e zaupanje.<\/p>\n\n\n\n<h2 class=\"wp-block-heading\">Zgodovina podjetja MEGGLE<\/h2>\n\n\n\n<p>Podjetje MEGGLE je na Hrva\u0161kem za\u010delo delovati leta 1996. Leta 1889 je bil MEGGLE ustanovljen v mati\u010dni dr\u017eavi Nem\u010diji, natan\u010dneje na Bavarskem blizu M\u00fcnchna. Istega leta je Josef Anton Meggle \u2013 dedek dana\u0161njega lastnika MEGGLE-ja, Tonyja Meggle-a, odprl majhno sirarno, nevede, v kaj bo prerastla skozi leta.<\/p>\n\n\n\n<p>Leta 1996 je MEGGLE na hrva\u0161ki trg vstopil preko distribucijskega centra s pisarno v Matuljih ob vzno\u017eju U\u010dke. Zahvaljujo\u010d sodelovanju z osije\u0161ko mlekarno IPK Mia d.o.o., se je tri leta kasneje pri\u010dela tudi proizvodnja na\u0161ih izdelkov na Hrva\u0161kem, ki je kasneje postala Meggle Mia d.o.o.<\/p>\n\n\n\n<p>Septembra leta 2004 je pri\u0161lo do zdru\u017eitve dru\u017ebe Meggle Mia d.o.o. in mlekarne IPK Mia d.d., njuno poslovanje pa se je nadaljevalo pod imenom MEGGLE Osijek d.d. Konec leta 2005 pa se je proizvodni obrat MEGGLE Osijek d.d. pridru\u017eil trgovskemu podjetju MEGGLE Adria d.o.o. in nastalo je podjetje MEGGLE Hrva\u0161ka d.o.o. MEGGLE je konec leta 2020 prodal svoj proizvodni obrat v Osijeku in svoj sede\u017e preselil v Zagreb.<\/p>\n\n\n\n<p>Vodstvo podjetja sestavljajo:<br>G. Marjan Vu\u010dak, predsednik Uprave<\/p>\n\n\n\n<h2 class=\"wp-block-heading\">Pridru\u017eite se nam<\/h2>\n\n\n\n<p>MEGGLE Hrva\u0161ka d.o.o. trenutno zaposluje pribli\u017eno trideset zaposlenih razli\u010dnih profilov. Kar 40 % na\u0161ih zaposlenih ima visoko\u0161olsko izobrazbo, 75 % vseh zaposlenih pa je starih med 35 in 50 let. Skupino MEGGLE sestavlja kar 48 % \u017eensk, ki v enakem razmerju kot mo\u0161ki predstavljajo vodstvo na\u0161ega podjetja.<\/p>\n\n\n\n<p>\u010ce vas zanima zaposlitev v na\u0161em podjetju, nas kontaktirajte, veseli bomo va\u0161e prijave. Tukaj smo tudi za vsa va\u0161a vpra\u0161anja, komentarje in dodatne informacije.<\/p>\n\n\n\n<p>Z va\u0161o podporo postajamo bolj\u0161i!<\/p>\n\n\n\n<p>MEGGLE Hrva\u0161ka d.o.o.<br>Zagreba\u010dka cesta 126<br>10090 Zagreb, Hrva\u0161ka<\/p>\n\n\n\n<p>Tel.: +385 1 6278 485\/286<br>Faks: 01 65535 174<br>E-po\u0161ta: <a href=\"mailto:meggle@meggle.hr\"><strong>meggle@meggle.hr<\/strong><\/a><\/p>\n\n\n\n<p>MEGGLE Hrva\u0161ka, mle\u010dna industrija, dru\u017eba z omejeno odgovornostjo. Dru\u017eba je vpisana v Register gospodarskega sodi\u0161\u010da v Zagrebu.<\/p>\n\n\n\n<p>MBS: 040043212<br>Dav\u010dna \u0161tevilka: 01219022<br>OIB: 48012167049<br>Banka: OTP Banka<br>IBAN: HR 62 2407000 1100616227<br>SWIFT: OTPVHR2XOsnovni kapital: 42.969.500,00 HRK v celoti pla\u010dan<br>Vodstvo podjetja: Marjan Vu\u010dak, predsednik<\/p>\n","protected":false},"excerpt":{"rendered":"<p>O nas MEGGLE Hrva\u0161ka je eden izmed treh najpomembnej\u0161ih branda mle\u010dnih proizvodov in predelanih proizvodov na Hrva\u0161kem. V ve\u010d kot dveh desetletjih poslovanja na Hrva\u0161kem smo s kakovostjo, inovativnostjo in &hellip;<\/p>\n","protected":false},"author":1,"featured_media":0,"parent":0,"menu_order":31,"comment_status":"closed","ping_status":"closed","template":"","meta":{"_acf_changed":false,"footnotes":""},"class_list":["post-1328","page","type-page","status-publish","hentry"],"acf":[],"_links":{"self":[{"href":"https:\/\/meggle.hr\/sl\/wp-json\/wp\/v2\/pages\/1328","targetHints":{"allow":["GET"]}}],"collection":[{"href":"https:\/\/meggle.hr\/sl\/wp-json\/wp\/v2\/pages"}],"about":[{"href":"https:\/\/meggle.hr\/sl\/wp-json\/wp\/v2\/types\/page"}],"author":[{"embeddable":true,"href":"https:\/\/meggle.hr\/sl\/wp-json\/wp\/v2\/users\/1"}],"replies":[{"embeddable":true,"href":"https:\/\/meggle.hr\/sl\/wp-json\/wp\/v2\/comments?post=1328"}],"version-history":[{"count":8,"href":"https:\/\/meggle.hr\/sl\/wp-json\/wp\/v2\/pages\/1328\/revisions"}],"predecessor-version":[{"id":4781,"href":"https:\/\/meggle.hr\/sl\/wp-json\/wp\/v2\/pages\/1328\/revisions\/4781"}],"wp:attachment":[{"href":"https:\/\/meggle.hr\/sl\/wp-json\/wp\/v2\/media?parent=1328"}],"curies":[{"name":"wp","href":"https:\/\/api.w.org\/{rel}","templated":true}]}}