{"id":1323,"date":"2021-05-26T14:45:49","date_gmt":"2021-05-26T14:45:49","guid":{"rendered":"https:\/\/meggle.kord.red\/?page_id=1323"},"modified":"2022-06-01T10:30:38","modified_gmt":"2022-06-01T08:30:38","slug":"medijski-koticek","status":"publish","type":"page","link":"https:\/\/meggle.hr\/sl\/medijski-koticek\/","title":{"rendered":"Medijski koti\u010dek"},"content":{"rendered":"\n<p>V ve\u010d kot dveh desetletjih obstoja na podro\u010dju Republike Hrva\u0161ke, je podjetje MEGGLE izvedlo \u0161tevilne komunikacijske kampanje, aktivacije in doseglo \u0161tevilna sodelovanja.<\/p>\n\n\n\n<p>V nadaljevanju lahko najdete ve\u010d informacij o na\u0161ih dosedanjih marketin\u0161kih in promocijskih aktivnostih, s katerimi smo preko razli\u010dnih digitalnih in klasi\u010dnih komunikacijskih kanalov obve\u0161\u010dali in informirali potro\u0161nike ter \u0161ir\u0161o javnost o na\u0161em podjetju in izdelkih.<\/p>\n","protected":false},"excerpt":{"rendered":"<p>V ve\u010d kot dveh desetletjih obstoja na podro\u010dju Republike Hrva\u0161ke, je podjetje MEGGLE izvedlo \u0161tevilne komunikacijske kampanje, aktivacije in doseglo \u0161tevilna sodelovanja. V nadaljevanju lahko najdete ve\u010d informacij o na\u0161ih &hellip;<\/p>\n","protected":false},"author":1,"featured_media":0,"parent":0,"menu_order":12,"comment_status":"closed","ping_status":"closed","template":"mediji.php","meta":{"_acf_changed":false,"footnotes":""},"class_list":["post-1323","page","type-page","status-publish","hentry"],"acf":[],"_links":{"self":[{"href":"https:\/\/meggle.hr\/sl\/wp-json\/wp\/v2\/pages\/1323","targetHints":{"allow":["GET"]}}],"collection":[{"href":"https:\/\/meggle.hr\/sl\/wp-json\/wp\/v2\/pages"}],"about":[{"href":"https:\/\/meggle.hr\/sl\/wp-json\/wp\/v2\/types\/page"}],"author":[{"embeddable":true,"href":"https:\/\/meggle.hr\/sl\/wp-json\/wp\/v2\/users\/1"}],"replies":[{"embeddable":true,"href":"https:\/\/meggle.hr\/sl\/wp-json\/wp\/v2\/comments?post=1323"}],"version-history":[{"count":4,"href":"https:\/\/meggle.hr\/sl\/wp-json\/wp\/v2\/pages\/1323\/revisions"}],"predecessor-version":[{"id":3508,"href":"https:\/\/meggle.hr\/sl\/wp-json\/wp\/v2\/pages\/1323\/revisions\/3508"}],"wp:attachment":[{"href":"https:\/\/meggle.hr\/sl\/wp-json\/wp\/v2\/media?parent=1323"}],"curies":[{"name":"wp","href":"https:\/\/api.w.org\/{rel}","templated":true}]}}