{"id":1307,"date":"2021-05-21T14:13:31","date_gmt":"2021-05-21T14:13:31","guid":{"rendered":"https:\/\/meggle.kord.red\/kontakti\/"},"modified":"2026-03-11T15:53:05","modified_gmt":"2026-03-11T14:53:05","slug":"kontakti","status":"publish","type":"page","link":"https:\/\/meggle.hr\/sl\/kontakti\/","title":{"rendered":"Kontakti"},"content":{"rendered":"\n<p>Za morebitna vpra\u0161anja, predloge in komentarje smo za vas vedno na voljo. Z veseljem vam bomo prisluhnili, saj se s pomo\u010djo va\u0161ih povratnih informacij in komentarjev le izbolj\u0161ujemo! Hvala!<\/p>\n\n\n\n<p><strong>MEGGLE Hrva\u0161ka d.o.o.<\/strong><br>Zagreba\u010dka cesta 126<br>10090 Zagreb, Hrva\u0161ka<\/p>\n\n\n\n<p>Tel.: +385 1 6278 485<br>Faks: 01 6535 174<br>E-po\u0161ta: <a href=\"mailto:meggle@meggle.hr\">info.croatia@meggle.com<\/a><\/p>\n\n\n\n<p>Kontakt poobla\u0161\u010dene osebe za varstvo osebnih podatkov: <a href=\"mailto:zastita.podataka@meggle.hr\">zastita.podataka@meggle.hr<\/a><\/p>\n","protected":false},"excerpt":{"rendered":"<p>Za morebitna vpra\u0161anja, predloge in komentarje smo za vas vedno na voljo. Z veseljem vam bomo prisluhnili, saj se s pomo\u010djo va\u0161ih povratnih informacij in komentarjev le izbolj\u0161ujemo! Hvala! MEGGLE &hellip;<\/p>\n","protected":false},"author":1,"featured_media":0,"parent":0,"menu_order":8,"comment_status":"closed","ping_status":"closed","template":"","meta":{"_acf_changed":false,"footnotes":""},"class_list":["post-1307","page","type-page","status-publish","hentry"],"acf":[],"_links":{"self":[{"href":"https:\/\/meggle.hr\/sl\/wp-json\/wp\/v2\/pages\/1307","targetHints":{"allow":["GET"]}}],"collection":[{"href":"https:\/\/meggle.hr\/sl\/wp-json\/wp\/v2\/pages"}],"about":[{"href":"https:\/\/meggle.hr\/sl\/wp-json\/wp\/v2\/types\/page"}],"author":[{"embeddable":true,"href":"https:\/\/meggle.hr\/sl\/wp-json\/wp\/v2\/users\/1"}],"replies":[{"embeddable":true,"href":"https:\/\/meggle.hr\/sl\/wp-json\/wp\/v2\/comments?post=1307"}],"version-history":[{"count":6,"href":"https:\/\/meggle.hr\/sl\/wp-json\/wp\/v2\/pages\/1307\/revisions"}],"predecessor-version":[{"id":4918,"href":"https:\/\/meggle.hr\/sl\/wp-json\/wp\/v2\/pages\/1307\/revisions\/4918"}],"wp:attachment":[{"href":"https:\/\/meggle.hr\/sl\/wp-json\/wp\/v2\/media?parent=1307"}],"curies":[{"name":"wp","href":"https:\/\/api.w.org\/{rel}","templated":true}]}}